{"id":415,"date":"2025-09-17T00:05:55","date_gmt":"2025-09-16T22:05:55","guid":{"rendered":"https:\/\/crepesriz.fr\/?post_type=product&#038;p=415"},"modified":"2025-10-01T10:03:28","modified_gmt":"2025-10-01T08:03:28","slug":"samoussa-pate-a-tartiner-banane-la-piece","status":"publish","type":"product","link":"https:\/\/crepesriz.fr\/index.php\/product\/samoussa-pate-a-tartiner-banane-la-piece\/","title":{"rendered":"Samoussa (Banane &#8211; Chocolat (p\u00e2te \u00e0 tartiner) ) (la pi\u00e8ce)"},"content":{"rendered":"<p>Facile \u00e0 manger, peut se r\u00e9chauffer au micro-onde, au four ou \u00e0 la po\u00eale.<\/p>\n<p><span style=\"text-decoration: none;\">Allerg\u00e8nes :\u00a0<\/span><u>Gluten, Lait, Oeuf, Fruit \u00e0 coque, Soja<\/u><\/p>\n","protected":false},"excerpt":{"rendered":"<p>Facile \u00e0 manger, peut se r\u00e9chauffer au micro-onde, au four ou \u00e0 la po\u00eale. Allerg\u00e8nes :\u00a0Gluten, Lait, Oeuf, Fruit \u00e0 coque, Soja<\/p>\n","protected":false},"featured_media":416,"template":"","meta":[],"product_brand":[],"product_cat":[21],"product_tag":[],"class_list":{"0":"post-415","1":"product","2":"type-product","3":"status-publish","4":"has-post-thumbnail","6":"product_cat-froment","8":"first","9":"instock","10":"shipping-taxable","11":"purchasable","12":"product-type-simple"},"jetpack_sharing_enabled":true,"_links":{"self":[{"href":"https:\/\/crepesriz.fr\/index.php\/wp-json\/wp\/v2\/product\/415","targetHints":{"allow":["GET"]}}],"collection":[{"href":"https:\/\/crepesriz.fr\/index.php\/wp-json\/wp\/v2\/product"}],"about":[{"href":"https:\/\/crepesriz.fr\/index.php\/wp-json\/wp\/v2\/types\/product"}],"wp:featuredmedia":[{"embeddable":true,"href":"https:\/\/crepesriz.fr\/index.php\/wp-json\/wp\/v2\/media\/416"}],"wp:attachment":[{"href":"https:\/\/crepesriz.fr\/index.php\/wp-json\/wp\/v2\/media?parent=415"}],"wp:term":[{"taxonomy":"product_brand","embeddable":true,"href":"https:\/\/crepesriz.fr\/index.php\/wp-json\/wp\/v2\/product_brand?post=415"},{"taxonomy":"product_cat","embeddable":true,"href":"https:\/\/crepesriz.fr\/index.php\/wp-json\/wp\/v2\/product_cat?post=415"},{"taxonomy":"product_tag","embeddable":true,"href":"https:\/\/crepesriz.fr\/index.php\/wp-json\/wp\/v2\/product_tag?post=415"}],"curies":[{"name":"wp","href":"https:\/\/api.w.org\/{rel}","templated":true}]}}