{"id":364,"date":"2025-02-27T00:21:07","date_gmt":"2025-02-26T23:21:07","guid":{"rendered":"https:\/\/crepesriz.fr\/?post_type=product&#038;p=364"},"modified":"2025-11-19T14:54:41","modified_gmt":"2025-11-19T13:54:41","slug":"samoussa-de-ble-noir-tomate-fromage-de-chevre-herbes-de-provences","status":"publish","type":"product","link":"https:\/\/crepesriz.fr\/index.php\/product\/samoussa-de-ble-noir-tomate-fromage-de-chevre-herbes-de-provences\/","title":{"rendered":"Samoussa de bl\u00e9 noir &#8211; Tomate, Fromage de ch\u00e8vre, Herbes de Provences (la pi\u00e8ce)"},"content":{"rendered":"<p>Prix \u00e0 l&#8217;unit\u00e9<\/p>\n<p>Allerg\u00e8nes : <span style=\"text-decoration: underline;\">Lait ,<br \/>\n<\/span><\/p>\n","protected":false},"excerpt":{"rendered":"<p>Prix \u00e0 l&#8217;unit\u00e9 Allerg\u00e8nes : Lait ,<\/p>\n","protected":false},"featured_media":363,"template":"","meta":[],"product_brand":[],"product_cat":[16,19,25],"product_tag":[],"class_list":{"0":"post-364","1":"product","2":"type-product","3":"status-publish","4":"has-post-thumbnail","6":"product_cat-ble-noir","7":"product_cat-plats-asiatiques","8":"product_cat-nems-samoussas","10":"first","11":"instock","12":"shipping-taxable","13":"purchasable","14":"product-type-simple"},"jetpack_sharing_enabled":true,"_links":{"self":[{"href":"https:\/\/crepesriz.fr\/index.php\/wp-json\/wp\/v2\/product\/364","targetHints":{"allow":["GET"]}}],"collection":[{"href":"https:\/\/crepesriz.fr\/index.php\/wp-json\/wp\/v2\/product"}],"about":[{"href":"https:\/\/crepesriz.fr\/index.php\/wp-json\/wp\/v2\/types\/product"}],"wp:featuredmedia":[{"embeddable":true,"href":"https:\/\/crepesriz.fr\/index.php\/wp-json\/wp\/v2\/media\/363"}],"wp:attachment":[{"href":"https:\/\/crepesriz.fr\/index.php\/wp-json\/wp\/v2\/media?parent=364"}],"wp:term":[{"taxonomy":"product_brand","embeddable":true,"href":"https:\/\/crepesriz.fr\/index.php\/wp-json\/wp\/v2\/product_brand?post=364"},{"taxonomy":"product_cat","embeddable":true,"href":"https:\/\/crepesriz.fr\/index.php\/wp-json\/wp\/v2\/product_cat?post=364"},{"taxonomy":"product_tag","embeddable":true,"href":"https:\/\/crepesriz.fr\/index.php\/wp-json\/wp\/v2\/product_tag?post=364"}],"curies":[{"name":"wp","href":"https:\/\/api.w.org\/{rel}","templated":true}]}}