{"id":362,"date":"2025-02-26T23:58:50","date_gmt":"2025-02-26T22:58:50","guid":{"rendered":"https:\/\/crepesriz.fr\/?post_type=product&#038;p=362"},"modified":"2025-11-19T14:54:41","modified_gmt":"2025-11-19T13:54:41","slug":"samoussa-de-ble-noir-jambon-fromage-creme-fraiche","status":"publish","type":"product","link":"https:\/\/crepesriz.fr\/index.php\/product\/samoussa-de-ble-noir-jambon-fromage-creme-fraiche\/","title":{"rendered":"Samoussa de bl\u00e9 noir &#8211; Jambon, fromage, cr\u00e8me fraiche (la pi\u00e8ce)"},"content":{"rendered":"<p>Prix \u00e0 l&#8217;unit\u00e9<\/p>\n<p>Allerg\u00e8nes : <span style=\"text-decoration: underline;\">Lait<br \/>\n<\/span><\/p>\n","protected":false},"excerpt":{"rendered":"<p>Prix \u00e0 l&#8217;unit\u00e9 Allerg\u00e8nes : Lait<\/p>\n","protected":false},"featured_media":363,"template":"","meta":[],"product_brand":[],"product_cat":[16,25],"product_tag":[],"class_list":{"0":"post-362","1":"product","2":"type-product","3":"status-publish","4":"has-post-thumbnail","6":"product_cat-ble-noir","7":"product_cat-nems-samoussas","9":"first","10":"instock","11":"shipping-taxable","12":"purchasable","13":"product-type-simple"},"jetpack_sharing_enabled":true,"_links":{"self":[{"href":"https:\/\/crepesriz.fr\/index.php\/wp-json\/wp\/v2\/product\/362","targetHints":{"allow":["GET"]}}],"collection":[{"href":"https:\/\/crepesriz.fr\/index.php\/wp-json\/wp\/v2\/product"}],"about":[{"href":"https:\/\/crepesriz.fr\/index.php\/wp-json\/wp\/v2\/types\/product"}],"wp:featuredmedia":[{"embeddable":true,"href":"https:\/\/crepesriz.fr\/index.php\/wp-json\/wp\/v2\/media\/363"}],"wp:attachment":[{"href":"https:\/\/crepesriz.fr\/index.php\/wp-json\/wp\/v2\/media?parent=362"}],"wp:term":[{"taxonomy":"product_brand","embeddable":true,"href":"https:\/\/crepesriz.fr\/index.php\/wp-json\/wp\/v2\/product_brand?post=362"},{"taxonomy":"product_cat","embeddable":true,"href":"https:\/\/crepesriz.fr\/index.php\/wp-json\/wp\/v2\/product_cat?post=362"},{"taxonomy":"product_tag","embeddable":true,"href":"https:\/\/crepesriz.fr\/index.php\/wp-json\/wp\/v2\/product_tag?post=362"}],"curies":[{"name":"wp","href":"https:\/\/api.w.org\/{rel}","templated":true}]}}