{"id":359,"date":"2025-04-23T22:35:16","date_gmt":"2025-04-23T20:35:16","guid":{"rendered":"https:\/\/crepesriz.fr\/?post_type=product&#038;p=359"},"modified":"2025-11-19T15:11:46","modified_gmt":"2025-11-19T14:11:46","slug":"samoussa-de-boeuf","status":"publish","type":"product","link":"https:\/\/crepesriz.fr\/index.php\/product\/samoussa-de-boeuf\/","title":{"rendered":"Samoussa de boeuf (la pi\u00e8ce)"},"content":{"rendered":"<p>Prix \u00e0 l&#8217;unit\u00e9<\/p>\n<p>Allerg\u00e8nes : <span style=\"text-decoration: underline;\">Gluten, Soja<\/span><\/p>\n","protected":false},"excerpt":{"rendered":"<p>Prix \u00e0 l&#8217;unit\u00e9 Allerg\u00e8nes : Gluten, Soja<\/p>\n","protected":false},"featured_media":406,"template":"","meta":[],"product_brand":[],"product_cat":[19,25],"product_tag":[],"class_list":{"0":"post-359","1":"product","2":"type-product","3":"status-publish","4":"has-post-thumbnail","6":"product_cat-plats-asiatiques","7":"product_cat-nems-samoussas","9":"first","10":"instock","11":"shipping-taxable","12":"purchasable","13":"product-type-simple"},"jetpack_sharing_enabled":true,"_links":{"self":[{"href":"https:\/\/crepesriz.fr\/index.php\/wp-json\/wp\/v2\/product\/359","targetHints":{"allow":["GET"]}}],"collection":[{"href":"https:\/\/crepesriz.fr\/index.php\/wp-json\/wp\/v2\/product"}],"about":[{"href":"https:\/\/crepesriz.fr\/index.php\/wp-json\/wp\/v2\/types\/product"}],"wp:featuredmedia":[{"embeddable":true,"href":"https:\/\/crepesriz.fr\/index.php\/wp-json\/wp\/v2\/media\/406"}],"wp:attachment":[{"href":"https:\/\/crepesriz.fr\/index.php\/wp-json\/wp\/v2\/media?parent=359"}],"wp:term":[{"taxonomy":"product_brand","embeddable":true,"href":"https:\/\/crepesriz.fr\/index.php\/wp-json\/wp\/v2\/product_brand?post=359"},{"taxonomy":"product_cat","embeddable":true,"href":"https:\/\/crepesriz.fr\/index.php\/wp-json\/wp\/v2\/product_cat?post=359"},{"taxonomy":"product_tag","embeddable":true,"href":"https:\/\/crepesriz.fr\/index.php\/wp-json\/wp\/v2\/product_tag?post=359"}],"curies":[{"name":"wp","href":"https:\/\/api.w.org\/{rel}","templated":true}]}}