{"id":339,"date":"2025-04-23T22:13:32","date_gmt":"2025-04-23T20:13:32","guid":{"rendered":"https:\/\/crepesriz.fr\/?post_type=product&#038;p=339"},"modified":"2026-04-10T10:12:33","modified_gmt":"2026-04-10T08:12:33","slug":"riz-cantonais-150-g","status":"publish","type":"product","link":"https:\/\/crepesriz.fr\/index.php\/product\/riz-cantonais-150-g\/","title":{"rendered":"Riz Cantonais (150 g)"},"content":{"rendered":"<p>(Riz, carottes, oignons, petits pois, \u0153ufs)<\/p>\n<p>Portion de 150 grammes. ( pour 1 personne environ)<\/p>\n<p>Pour 300 g par exemple, commander 2 quantit\u00e9s; tout sera regroup\u00e9 dans un seul contenant dans la mesure du possible.<\/p>\n<p><strong>Attention, la bo\u00eete de transport ne passe pas au micro-onde. Sous ce conditionnement, le produit retir\u00e9 sera forc\u00e9ment froid.<\/strong><\/p>\n<p>Allerg\u00e8nes : <u>Oeuf, Poisson<\/u><\/p>\n<p>&nbsp;<\/p>\n","protected":false},"excerpt":{"rendered":"<p>(Riz, carottes, oignons, petits pois, \u0153ufs) Portion de 150 grammes. ( pour 1 personne environ) Pour 300 g par exemple, commander 2 quantit\u00e9s; tout sera regroup\u00e9 dans un seul contenant dans la mesure du possible. Attention, la bo\u00eete de transport ne passe pas au micro-onde. &hellip; <\/p>\n","protected":false},"featured_media":340,"template":"","meta":[],"product_brand":[],"product_cat":[19,25],"product_tag":[],"class_list":{"0":"post-339","1":"product","2":"type-product","3":"status-publish","4":"has-post-thumbnail","6":"product_cat-plats-asiatiques","7":"product_cat-nems-samoussas","9":"first","10":"instock","11":"shipping-taxable","12":"purchasable","13":"product-type-simple"},"jetpack_sharing_enabled":true,"_links":{"self":[{"href":"https:\/\/crepesriz.fr\/index.php\/wp-json\/wp\/v2\/product\/339","targetHints":{"allow":["GET"]}}],"collection":[{"href":"https:\/\/crepesriz.fr\/index.php\/wp-json\/wp\/v2\/product"}],"about":[{"href":"https:\/\/crepesriz.fr\/index.php\/wp-json\/wp\/v2\/types\/product"}],"wp:featuredmedia":[{"embeddable":true,"href":"https:\/\/crepesriz.fr\/index.php\/wp-json\/wp\/v2\/media\/340"}],"wp:attachment":[{"href":"https:\/\/crepesriz.fr\/index.php\/wp-json\/wp\/v2\/media?parent=339"}],"wp:term":[{"taxonomy":"product_brand","embeddable":true,"href":"https:\/\/crepesriz.fr\/index.php\/wp-json\/wp\/v2\/product_brand?post=339"},{"taxonomy":"product_cat","embeddable":true,"href":"https:\/\/crepesriz.fr\/index.php\/wp-json\/wp\/v2\/product_cat?post=339"},{"taxonomy":"product_tag","embeddable":true,"href":"https:\/\/crepesriz.fr\/index.php\/wp-json\/wp\/v2\/product_tag?post=339"}],"curies":[{"name":"wp","href":"https:\/\/api.w.org\/{rel}","templated":true}]}}