{"id":335,"date":"2025-04-23T22:13:32","date_gmt":"2025-04-23T20:13:32","guid":{"rendered":"https:\/\/crepesriz.fr\/?post_type=product&#038;p=335"},"modified":"2025-11-19T14:53:21","modified_gmt":"2025-11-19T13:53:21","slug":"crepe-pomme-caramel-beurre-sale-maison","status":"publish","type":"product","link":"https:\/\/crepesriz.fr\/index.php\/product\/crepe-pomme-caramel-beurre-sale-maison\/","title":{"rendered":"Cr\u00eape Pomme &#8211; Caramel beurre sal\u00e9 maison"},"content":{"rendered":"<p>Cr\u00eape de froment<\/p>\n<p><span style=\"text-decoration: none;\">Allerg\u00e8nes : <\/span><u>Gluten, Lait, Oeuf<\/u><\/p>\n","protected":false},"excerpt":{"rendered":"<p>Cr\u00eape de froment Allerg\u00e8nes : Gluten, Lait, Oeuf<\/p>\n","protected":false},"featured_media":337,"template":"","meta":[],"product_brand":[],"product_cat":[21],"product_tag":[],"class_list":{"0":"post-335","1":"product","2":"type-product","3":"status-publish","4":"has-post-thumbnail","6":"product_cat-froment","8":"first","9":"instock","10":"shipping-taxable","11":"purchasable","12":"product-type-simple"},"jetpack_sharing_enabled":true,"_links":{"self":[{"href":"https:\/\/crepesriz.fr\/index.php\/wp-json\/wp\/v2\/product\/335","targetHints":{"allow":["GET"]}}],"collection":[{"href":"https:\/\/crepesriz.fr\/index.php\/wp-json\/wp\/v2\/product"}],"about":[{"href":"https:\/\/crepesriz.fr\/index.php\/wp-json\/wp\/v2\/types\/product"}],"wp:featuredmedia":[{"embeddable":true,"href":"https:\/\/crepesriz.fr\/index.php\/wp-json\/wp\/v2\/media\/337"}],"wp:attachment":[{"href":"https:\/\/crepesriz.fr\/index.php\/wp-json\/wp\/v2\/media?parent=335"}],"wp:term":[{"taxonomy":"product_brand","embeddable":true,"href":"https:\/\/crepesriz.fr\/index.php\/wp-json\/wp\/v2\/product_brand?post=335"},{"taxonomy":"product_cat","embeddable":true,"href":"https:\/\/crepesriz.fr\/index.php\/wp-json\/wp\/v2\/product_cat?post=335"},{"taxonomy":"product_tag","embeddable":true,"href":"https:\/\/crepesriz.fr\/index.php\/wp-json\/wp\/v2\/product_tag?post=335"}],"curies":[{"name":"wp","href":"https:\/\/api.w.org\/{rel}","templated":true}]}}