{"id":333,"date":"2025-04-23T22:13:32","date_gmt":"2025-04-23T20:13:32","guid":{"rendered":"https:\/\/crepesriz.fr\/?post_type=product&#038;p=333"},"modified":"2025-09-09T10:06:28","modified_gmt":"2025-09-09T08:06:28","slug":"crepe-pate-a-tartiner-pomme","status":"publish","type":"product","link":"https:\/\/crepesriz.fr\/index.php\/product\/crepe-pate-a-tartiner-pomme\/","title":{"rendered":"Cr\u00eape P\u00e2te \u00e0 tartiner &#8211; Pomme"},"content":{"rendered":"<p>Cr\u00eape de froment<\/p>\n<p><span style=\"text-decoration: none;\">Allerg\u00e8nes :\u00a0<\/span><u>Gluten, Lait, Oeuf, Fruit \u00e0 coque, Soja<\/u><\/p>\n","protected":false},"excerpt":{"rendered":"<p>Cr\u00eape de froment Allerg\u00e8nes :\u00a0Gluten, Lait, Oeuf, Fruit \u00e0 coque, Soja<\/p>\n","protected":false},"featured_media":334,"template":"","meta":[],"product_brand":[],"product_cat":[21],"product_tag":[],"class_list":{"0":"post-333","1":"product","2":"type-product","3":"status-publish","4":"has-post-thumbnail","6":"product_cat-froment","8":"first","9":"instock","10":"shipping-taxable","11":"purchasable","12":"product-type-simple"},"jetpack_sharing_enabled":true,"_links":{"self":[{"href":"https:\/\/crepesriz.fr\/index.php\/wp-json\/wp\/v2\/product\/333","targetHints":{"allow":["GET"]}}],"collection":[{"href":"https:\/\/crepesriz.fr\/index.php\/wp-json\/wp\/v2\/product"}],"about":[{"href":"https:\/\/crepesriz.fr\/index.php\/wp-json\/wp\/v2\/types\/product"}],"wp:featuredmedia":[{"embeddable":true,"href":"https:\/\/crepesriz.fr\/index.php\/wp-json\/wp\/v2\/media\/334"}],"wp:attachment":[{"href":"https:\/\/crepesriz.fr\/index.php\/wp-json\/wp\/v2\/media?parent=333"}],"wp:term":[{"taxonomy":"product_brand","embeddable":true,"href":"https:\/\/crepesriz.fr\/index.php\/wp-json\/wp\/v2\/product_brand?post=333"},{"taxonomy":"product_cat","embeddable":true,"href":"https:\/\/crepesriz.fr\/index.php\/wp-json\/wp\/v2\/product_cat?post=333"},{"taxonomy":"product_tag","embeddable":true,"href":"https:\/\/crepesriz.fr\/index.php\/wp-json\/wp\/v2\/product_tag?post=333"}],"curies":[{"name":"wp","href":"https:\/\/api.w.org\/{rel}","templated":true}]}}