{"id":317,"date":"2025-04-23T22:13:32","date_gmt":"2025-04-23T20:13:32","guid":{"rendered":"https:\/\/crepesriz.fr\/?post_type=product&#038;p=317"},"modified":"2025-11-19T14:52:35","modified_gmt":"2025-11-19T13:52:35","slug":"saucisse-emmental","status":"publish","type":"product","link":"https:\/\/crepesriz.fr\/index.php\/product\/saucisse-emmental\/","title":{"rendered":"Saucisse Emmental"},"content":{"rendered":"<p>Cr\u00eape de bl\u00e9 noir , garnie, roul\u00e9e et grill\u00e9e comme un panini<\/p>\n<p><span style=\"text-decoration: none;\">Allerg\u00e8nes :\u00a0<\/span><u> Lait<\/u><\/p>\n","protected":false},"excerpt":{"rendered":"<p><strong>Allerg\u00e8nes :\u00a0<\/strong><strong><u> Lait<\/u><\/strong><\/p>\n","protected":false},"featured_media":318,"template":"","meta":[],"product_brand":[],"product_cat":[16],"product_tag":[],"class_list":{"0":"post-317","1":"product","2":"type-product","3":"status-publish","4":"has-post-thumbnail","6":"product_cat-ble-noir","8":"first","9":"instock","10":"shipping-taxable","11":"purchasable","12":"product-type-simple"},"jetpack_sharing_enabled":true,"_links":{"self":[{"href":"https:\/\/crepesriz.fr\/index.php\/wp-json\/wp\/v2\/product\/317","targetHints":{"allow":["GET"]}}],"collection":[{"href":"https:\/\/crepesriz.fr\/index.php\/wp-json\/wp\/v2\/product"}],"about":[{"href":"https:\/\/crepesriz.fr\/index.php\/wp-json\/wp\/v2\/types\/product"}],"wp:featuredmedia":[{"embeddable":true,"href":"https:\/\/crepesriz.fr\/index.php\/wp-json\/wp\/v2\/media\/318"}],"wp:attachment":[{"href":"https:\/\/crepesriz.fr\/index.php\/wp-json\/wp\/v2\/media?parent=317"}],"wp:term":[{"taxonomy":"product_brand","embeddable":true,"href":"https:\/\/crepesriz.fr\/index.php\/wp-json\/wp\/v2\/product_brand?post=317"},{"taxonomy":"product_cat","embeddable":true,"href":"https:\/\/crepesriz.fr\/index.php\/wp-json\/wp\/v2\/product_cat?post=317"},{"taxonomy":"product_tag","embeddable":true,"href":"https:\/\/crepesriz.fr\/index.php\/wp-json\/wp\/v2\/product_tag?post=317"}],"curies":[{"name":"wp","href":"https:\/\/api.w.org\/{rel}","templated":true}]}}