{"id":7,"date":"2025-01-04T01:41:33","date_gmt":"2025-01-04T00:41:33","guid":{"rendered":"https:\/\/crepesriz.fr\/index.php\/cart\/"},"modified":"2025-03-09T23:58:10","modified_gmt":"2025-03-09T22:58:10","slug":"cart","status":"publish","type":"page","link":"https:\/\/crepesriz.fr\/index.php\/cart\/","title":{"rendered":"Panier"},"content":{"rendered":"<div data-block-name=\"woocommerce\/cart\" class=\"wp-block-woocommerce-cart alignwide is-loading wc-block-cart\"><div data-block-name=\"woocommerce\/filled-cart-block\" class=\"wp-block-woocommerce-filled-cart-block\"><div data-block-name=\"woocommerce\/cart-items-block\" class=\"wp-block-woocommerce-cart-items-block\"><div data-block-name=\"woocommerce\/cart-line-items-block\" class=\"wp-block-woocommerce-cart-line-items-block\"><\/div>\n\n<div data-block-name=\"woocommerce\/cart-cross-sells-block\" class=\"wp-block-woocommerce-cart-cross-sells-block\"><h2 class=\"wp-block-heading has-large-font-size\">\u00c7a peut vous int\u00e9resser&#8230;<\/h2>\n\n<div data-block-name=\"woocommerce\/cart-cross-sells-products-block\" class=\"wp-block-woocommerce-cart-cross-sells-products-block\"><\/div><\/div><\/div>\n\n<div data-block-name=\"woocommerce\/cart-totals-block\" class=\"wp-block-woocommerce-cart-totals-block\"><div data-block-name=\"woocommerce\/cart-order-summary-block\" class=\"wp-block-woocommerce-cart-order-summary-block\"><div data-block-name=\"woocommerce\/cart-order-summary-heading-block\" data-content=\"Total panier\" class=\"wp-block-woocommerce-cart-order-summary-heading-block\"><\/div>\n\n<div data-block-name=\"woocommerce\/cart-order-summary-coupon-form-block\" class=\"wp-block-woocommerce-cart-order-summary-coupon-form-block\"><\/div>\n\n<div data-block-name=\"woocommerce\/cart-order-summary-totals-block\" class=\"wp-block-woocommerce-cart-order-summary-totals-block\"><div data-block-name=\"woocommerce\/cart-order-summary-subtotal-block\" class=\"wp-block-woocommerce-cart-order-summary-subtotal-block\"><\/div>\n\n<div data-block-name=\"woocommerce\/cart-order-summary-fee-block\" class=\"wp-block-woocommerce-cart-order-summary-fee-block\"><\/div>\n\n<div data-block-name=\"woocommerce\/cart-order-summary-discount-block\" class=\"wp-block-woocommerce-cart-order-summary-discount-block\"><\/div>\n\n<div data-block-name=\"woocommerce\/cart-order-summary-shipping-block\" class=\"wp-block-woocommerce-cart-order-summary-shipping-block\"><\/div>\n\n<div data-block-name=\"woocommerce\/cart-order-summary-taxes-block\" class=\"wp-block-woocommerce-cart-order-summary-taxes-block\"><\/div><\/div><\/div>\n\n<div data-block-name=\"woocommerce\/cart-express-payment-block\" class=\"wp-block-woocommerce-cart-express-payment-block\"><\/div>\n\n<div data-block-name=\"woocommerce\/proceed-to-checkout-block\" class=\"wp-block-woocommerce-proceed-to-checkout-block\"><\/div>\n\n<div data-block-name=\"woocommerce\/cart-accepted-payment-methods-block\" class=\"wp-block-woocommerce-cart-accepted-payment-methods-block\"><\/div><\/div><\/div>\n\n<div data-block-name=\"woocommerce\/empty-cart-block\" class=\"wp-block-woocommerce-empty-cart-block\"><h2 class=\"wp-block-heading has-text-align-center with-empty-cart-icon wc-block-cart__empty-cart__title\">Votre panier est actuellement vide\u00a0!<\/h2>\n\n<p class=\"has-text-align-center\"><a href=\"https:\/\/crepesriz.fr\/index.php\/shop\/\">Parcourir la boutique<\/a><\/p>\n\n<hr class=\"wp-block-separator has-alpha-channel-opacity is-style-dots\"\/>\n\n<h2 class=\"wp-block-heading has-text-align-center\">Nouveau dans la boutique<\/h2>\n\n<div data-block-name=\"woocommerce\/product-new\" data-columns=\"4\" data-rows=\"1\" class=\"wc-block-grid wp-block-product-new wp-block-woocommerce-product-new wc-block-product-new has-4-columns\"><ul class=\"wc-block-grid__products\"><li class=\"wc-block-grid__product\">\n\t\t\t\t<a href=\"https:\/\/crepesriz.fr\/index.php\/product\/samoussa-pate-a-tartiner-banane-la-piece\/\" class=\"wc-block-grid__product-link\">\n\t\t\t\t\t\n\t\t\t\t\t<div class=\"wc-block-grid__product-image\"><img loading=\"lazy\" decoding=\"async\" width=\"300\" height=\"300\" src=\"https:\/\/crepesriz.fr\/wp-content\/uploads\/2025\/09\/samoussa_froment-removebg-preview-300x300.png\" class=\"attachment-woocommerce_thumbnail size-woocommerce_thumbnail\" alt=\"Samoussa (Banane - Chocolat (p\u00e2te \u00e0 tartiner) ) (la pi\u00e8ce)\" srcset=\"https:\/\/crepesriz.fr\/wp-content\/uploads\/2025\/09\/samoussa_froment-removebg-preview-300x300.png 300w, https:\/\/crepesriz.fr\/wp-content\/uploads\/2025\/09\/samoussa_froment-removebg-preview-150x150.png 150w, https:\/\/crepesriz.fr\/wp-content\/uploads\/2025\/09\/samoussa_froment-removebg-preview-95x95.png 95w, https:\/\/crepesriz.fr\/wp-content\/uploads\/2025\/09\/samoussa_froment-removebg-preview-275x275.png 275w, https:\/\/crepesriz.fr\/wp-content\/uploads\/2025\/09\/samoussa_froment-removebg-preview-50x50.png 50w, https:\/\/crepesriz.fr\/wp-content\/uploads\/2025\/09\/samoussa_froment-removebg-preview-230x230.png 230w, https:\/\/crepesriz.fr\/wp-content\/uploads\/2025\/09\/samoussa_froment-removebg-preview-100x100.png 100w\" sizes=\"auto, (max-width: 300px) 100vw, 300px\" \/><\/div>\n\t\t\t\t\t<div class=\"wc-block-grid__product-title\">Samoussa (Banane &#8211; Chocolat (p\u00e2te \u00e0 tartiner) ) (la pi\u00e8ce)<\/div>\n\t\t\t\t<\/a>\n\t\t\t\t<div class=\"wc-block-grid__product-price price\"><span class=\"woocommerce-Price-amount amount\">1,50&nbsp;<span class=\"woocommerce-Price-currencySymbol\">&euro;<\/span><\/span><\/div>\n\t\t\t\t\n\t\t\t\t<div class=\"wp-block-button wc-block-grid__product-add-to-cart\"><a href=\"?add-to-cart=415\" aria-label=\"Ajouter au panier\u00a0: &ldquo;Samoussa (Banane - Chocolat (p\u00e2te \u00e0 tartiner) ) (la pi\u00e8ce)&rdquo;\" data-quantity=\"1\" data-product_id=\"415\" data-product_sku=\"\" data-price=\"1.5\" rel=\"nofollow\" class=\"wp-block-button__link  add_to_cart_button ajax_add_to_cart\">Ajouter au panier<\/a><\/div>\n\t\t\t<\/li><li class=\"wc-block-grid__product\">\n\t\t\t\t<a href=\"https:\/\/crepesriz.fr\/index.php\/product\/samoussa-de-boeuf\/\" class=\"wc-block-grid__product-link\">\n\t\t\t\t\t\n\t\t\t\t\t<div class=\"wc-block-grid__product-image\"><img loading=\"lazy\" decoding=\"async\" width=\"300\" height=\"300\" src=\"https:\/\/crepesriz.fr\/wp-content\/uploads\/2025\/04\/samoussa-boeuf-removebg-300x300.png\" class=\"attachment-woocommerce_thumbnail size-woocommerce_thumbnail\" alt=\"Samoussa de boeuf (la pi\u00e8ce)\" srcset=\"https:\/\/crepesriz.fr\/wp-content\/uploads\/2025\/04\/samoussa-boeuf-removebg-300x300.png 300w, https:\/\/crepesriz.fr\/wp-content\/uploads\/2025\/04\/samoussa-boeuf-removebg-150x150.png 150w, https:\/\/crepesriz.fr\/wp-content\/uploads\/2025\/04\/samoussa-boeuf-removebg-95x95.png 95w, https:\/\/crepesriz.fr\/wp-content\/uploads\/2025\/04\/samoussa-boeuf-removebg-275x275.png 275w, https:\/\/crepesriz.fr\/wp-content\/uploads\/2025\/04\/samoussa-boeuf-removebg-50x50.png 50w, https:\/\/crepesriz.fr\/wp-content\/uploads\/2025\/04\/samoussa-boeuf-removebg-230x230.png 230w, https:\/\/crepesriz.fr\/wp-content\/uploads\/2025\/04\/samoussa-boeuf-removebg-100x100.png 100w\" sizes=\"auto, (max-width: 300px) 100vw, 300px\" \/><\/div>\n\t\t\t\t\t<div class=\"wc-block-grid__product-title\">Samoussa de boeuf (la pi\u00e8ce)<\/div>\n\t\t\t\t<\/a>\n\t\t\t\t<div class=\"wc-block-grid__product-price price\"><span class=\"woocommerce-Price-amount amount\">1,20&nbsp;<span class=\"woocommerce-Price-currencySymbol\">&euro;<\/span><\/span><\/div>\n\t\t\t\t\n\t\t\t\t<div class=\"wp-block-button wc-block-grid__product-add-to-cart\"><a href=\"?add-to-cart=359\" aria-label=\"Ajouter au panier\u00a0: &ldquo;Samoussa de boeuf (la pi\u00e8ce)&rdquo;\" data-quantity=\"1\" data-product_id=\"359\" data-product_sku=\"\" data-price=\"1.2\" rel=\"nofollow\" class=\"wp-block-button__link  add_to_cart_button ajax_add_to_cart\">Ajouter au panier<\/a><\/div>\n\t\t\t<\/li><li class=\"wc-block-grid__product\">\n\t\t\t\t<a href=\"https:\/\/crepesriz.fr\/index.php\/product\/gingembre-confit\/\" class=\"wc-block-grid__product-link\">\n\t\t\t\t\t\n\t\t\t\t\t<div class=\"wc-block-grid__product-image\"><img loading=\"lazy\" decoding=\"async\" width=\"300\" height=\"300\" src=\"https:\/\/crepesriz.fr\/wp-content\/uploads\/2025\/03\/gingembre-removebg-preview-300x300.png\" class=\"attachment-woocommerce_thumbnail size-woocommerce_thumbnail\" alt=\"Gingembre confit\" srcset=\"https:\/\/crepesriz.fr\/wp-content\/uploads\/2025\/03\/gingembre-removebg-preview-300x300.png 300w, https:\/\/crepesriz.fr\/wp-content\/uploads\/2025\/03\/gingembre-removebg-preview-150x150.png 150w, https:\/\/crepesriz.fr\/wp-content\/uploads\/2025\/03\/gingembre-removebg-preview-95x95.png 95w, https:\/\/crepesriz.fr\/wp-content\/uploads\/2025\/03\/gingembre-removebg-preview-275x275.png 275w, https:\/\/crepesriz.fr\/wp-content\/uploads\/2025\/03\/gingembre-removebg-preview-50x50.png 50w, https:\/\/crepesriz.fr\/wp-content\/uploads\/2025\/03\/gingembre-removebg-preview-230x230.png 230w, https:\/\/crepesriz.fr\/wp-content\/uploads\/2025\/03\/gingembre-removebg-preview-100x100.png 100w\" sizes=\"auto, (max-width: 300px) 100vw, 300px\" \/><\/div>\n\t\t\t\t\t<div class=\"wc-block-grid__product-title\">Gingembre confit<\/div>\n\t\t\t\t<\/a>\n\t\t\t\t<div class=\"wc-block-grid__product-price price\"><span class=\"woocommerce-Price-amount amount\">0,50&nbsp;<span class=\"woocommerce-Price-currencySymbol\">&euro;<\/span><\/span><\/div>\n\t\t\t\t\n\t\t\t\t<div class=\"wp-block-button wc-block-grid__product-add-to-cart\"><a href=\"?add-to-cart=388\" aria-label=\"Ajouter au panier\u00a0: &ldquo;Gingembre confit&rdquo;\" data-quantity=\"1\" data-product_id=\"388\" data-product_sku=\"\" data-price=\"0.5\" rel=\"nofollow\" class=\"wp-block-button__link  add_to_cart_button ajax_add_to_cart\">Ajouter au panier<\/a><\/div>\n\t\t\t<\/li><li class=\"wc-block-grid__product\">\n\t\t\t\t<a href=\"https:\/\/crepesriz.fr\/index.php\/product\/nougat-tendre\/\" class=\"wc-block-grid__product-link\">\n\t\t\t\t\t\n\t\t\t\t\t<div class=\"wc-block-grid__product-image\"><img loading=\"lazy\" decoding=\"async\" width=\"300\" height=\"300\" src=\"https:\/\/crepesriz.fr\/wp-content\/uploads\/2025\/03\/nougat-removebg-preview-300x300.png\" class=\"attachment-woocommerce_thumbnail size-woocommerce_thumbnail\" alt=\"Nougat tendre\" srcset=\"https:\/\/crepesriz.fr\/wp-content\/uploads\/2025\/03\/nougat-removebg-preview-300x300.png 300w, https:\/\/crepesriz.fr\/wp-content\/uploads\/2025\/03\/nougat-removebg-preview-150x150.png 150w, https:\/\/crepesriz.fr\/wp-content\/uploads\/2025\/03\/nougat-removebg-preview-95x95.png 95w, https:\/\/crepesriz.fr\/wp-content\/uploads\/2025\/03\/nougat-removebg-preview-275x275.png 275w, https:\/\/crepesriz.fr\/wp-content\/uploads\/2025\/03\/nougat-removebg-preview-50x50.png 50w, https:\/\/crepesriz.fr\/wp-content\/uploads\/2025\/03\/nougat-removebg-preview-230x230.png 230w, https:\/\/crepesriz.fr\/wp-content\/uploads\/2025\/03\/nougat-removebg-preview-100x100.png 100w\" sizes=\"auto, (max-width: 300px) 100vw, 300px\" \/><\/div>\n\t\t\t\t\t<div class=\"wc-block-grid__product-title\">Nougat tendre<\/div>\n\t\t\t\t<\/a>\n\t\t\t\t<div class=\"wc-block-grid__product-price price\"><span class=\"woocommerce-Price-amount amount\">0,50&nbsp;<span class=\"woocommerce-Price-currencySymbol\">&euro;<\/span><\/span><\/div>\n\t\t\t\t\n\t\t\t\t<div class=\"wp-block-button wc-block-grid__product-add-to-cart\"><a href=\"?add-to-cart=385\" aria-label=\"Ajouter au panier\u00a0: &ldquo;Nougat tendre&rdquo;\" data-quantity=\"1\" data-product_id=\"385\" data-product_sku=\"\" data-price=\"0.5\" rel=\"nofollow\" class=\"wp-block-button__link  add_to_cart_button ajax_add_to_cart\">Ajouter au panier<\/a><\/div>\n\t\t\t<\/li><\/ul><\/div><\/div><\/div><details class=\"wp-block-details is-layout-flow wp-block-details-is-layout-flow\"><summary><\/summary><div data-block-name=\"woocommerce\/cart\" class=\"wp-block-woocommerce-cart alignwide is-loading wc-block-cart\"><div data-block-name=\"woocommerce\/filled-cart-block\" class=\"wp-block-woocommerce-filled-cart-block\"><div data-block-name=\"woocommerce\/cart-items-block\" class=\"wp-block-woocommerce-cart-items-block\"><div data-block-name=\"woocommerce\/cart-line-items-block\" class=\"wp-block-woocommerce-cart-line-items-block\"><\/div>\n\n<div data-block-name=\"woocommerce\/cart-cross-sells-block\" class=\"wp-block-woocommerce-cart-cross-sells-block\"><h2 class=\"wp-block-heading has-large-font-size\">\u00c7a peut vous int\u00e9resser&#8230;<\/h2>\n\n<div data-block-name=\"woocommerce\/cart-cross-sells-products-block\" class=\"wp-block-woocommerce-cart-cross-sells-products-block\"><\/div><\/div><\/div>\n\n<div data-block-name=\"woocommerce\/cart-totals-block\" class=\"wp-block-woocommerce-cart-totals-block\"><div data-block-name=\"woocommerce\/cart-order-summary-block\" class=\"wp-block-woocommerce-cart-order-summary-block\"><div data-block-name=\"woocommerce\/cart-order-summary-heading-block\" data-content=\"Total panier\" class=\"wp-block-woocommerce-cart-order-summary-heading-block\"><\/div>\n\n<div data-block-name=\"woocommerce\/cart-order-summary-coupon-form-block\" class=\"wp-block-woocommerce-cart-order-summary-coupon-form-block\"><\/div>\n\n<div data-block-name=\"woocommerce\/cart-order-summary-totals-block\" class=\"wp-block-woocommerce-cart-order-summary-totals-block\"><div data-block-name=\"woocommerce\/cart-order-summary-subtotal-block\" class=\"wp-block-woocommerce-cart-order-summary-subtotal-block\"><\/div>\n\n<div data-block-name=\"woocommerce\/cart-order-summary-fee-block\" class=\"wp-block-woocommerce-cart-order-summary-fee-block\"><\/div>\n\n<div data-block-name=\"woocommerce\/cart-order-summary-discount-block\" class=\"wp-block-woocommerce-cart-order-summary-discount-block\"><\/div>\n\n<div data-block-name=\"woocommerce\/cart-order-summary-shipping-block\" class=\"wp-block-woocommerce-cart-order-summary-shipping-block\"><\/div>\n\n<div data-block-name=\"woocommerce\/cart-order-summary-taxes-block\" class=\"wp-block-woocommerce-cart-order-summary-taxes-block\"><\/div><\/div><\/div>\n\n<div data-block-name=\"woocommerce\/cart-express-payment-block\" class=\"wp-block-woocommerce-cart-express-payment-block\"><\/div>\n\n<div data-block-name=\"woocommerce\/proceed-to-checkout-block\" class=\"wp-block-woocommerce-proceed-to-checkout-block\"><\/div>\n\n<div data-block-name=\"woocommerce\/cart-accepted-payment-methods-block\" class=\"wp-block-woocommerce-cart-accepted-payment-methods-block\"><\/div><\/div><\/div>\n\n<div data-block-name=\"woocommerce\/empty-cart-block\" class=\"wp-block-woocommerce-empty-cart-block\"><h2 class=\"wp-block-heading has-text-align-center with-empty-cart-icon wc-block-cart__empty-cart__title\">Votre panier est actuellement vide&nbsp;!<\/h2>\n\n<p class=\"has-text-align-center\"><a href=\"https:\/\/crepesriz.fr\/index.php\/shop\/\">Parcourir la boutique<\/a><\/p>\n\n<hr class=\"wp-block-separator has-alpha-channel-opacity is-style-dots\"\/>\n\n<h2 class=\"wp-block-heading has-text-align-center\">Nouveau dans la boutique<\/h2>\n\n<div data-block-name=\"woocommerce\/product-new\" data-columns=\"4\" data-rows=\"1\" class=\"wc-block-grid wp-block-product-new wp-block-woocommerce-product-new wc-block-product-new has-4-columns\"><ul class=\"wc-block-grid__products\"><li class=\"wc-block-grid__product\">\n\t\t\t\t<a href=\"https:\/\/crepesriz.fr\/index.php\/product\/samoussa-pate-a-tartiner-banane-la-piece\/\" class=\"wc-block-grid__product-link\">\n\t\t\t\t\t\n\t\t\t\t\t<div class=\"wc-block-grid__product-image\"><img loading=\"lazy\" decoding=\"async\" width=\"300\" height=\"300\" src=\"https:\/\/crepesriz.fr\/wp-content\/uploads\/2025\/09\/samoussa_froment-removebg-preview-300x300.png\" class=\"attachment-woocommerce_thumbnail size-woocommerce_thumbnail\" alt=\"Samoussa (Banane - Chocolat (p\u00e2te \u00e0 tartiner) ) (la pi\u00e8ce)\" srcset=\"https:\/\/crepesriz.fr\/wp-content\/uploads\/2025\/09\/samoussa_froment-removebg-preview-300x300.png 300w, https:\/\/crepesriz.fr\/wp-content\/uploads\/2025\/09\/samoussa_froment-removebg-preview-150x150.png 150w, https:\/\/crepesriz.fr\/wp-content\/uploads\/2025\/09\/samoussa_froment-removebg-preview-95x95.png 95w, https:\/\/crepesriz.fr\/wp-content\/uploads\/2025\/09\/samoussa_froment-removebg-preview-275x275.png 275w, https:\/\/crepesriz.fr\/wp-content\/uploads\/2025\/09\/samoussa_froment-removebg-preview-50x50.png 50w, https:\/\/crepesriz.fr\/wp-content\/uploads\/2025\/09\/samoussa_froment-removebg-preview-230x230.png 230w, https:\/\/crepesriz.fr\/wp-content\/uploads\/2025\/09\/samoussa_froment-removebg-preview-100x100.png 100w\" sizes=\"auto, (max-width: 300px) 100vw, 300px\" \/><\/div>\n\t\t\t\t\t<div class=\"wc-block-grid__product-title\">Samoussa (Banane &#8211; Chocolat (p\u00e2te \u00e0 tartiner) ) (la pi\u00e8ce)<\/div>\n\t\t\t\t<\/a>\n\t\t\t\t<div class=\"wc-block-grid__product-price price\"><span class=\"woocommerce-Price-amount amount\">1,50&nbsp;<span class=\"woocommerce-Price-currencySymbol\">&euro;<\/span><\/span><\/div>\n\t\t\t\t\n\t\t\t\t<div class=\"wp-block-button wc-block-grid__product-add-to-cart\"><a href=\"?add-to-cart=415\" aria-label=\"Ajouter au panier\u00a0: &ldquo;Samoussa (Banane - Chocolat (p\u00e2te \u00e0 tartiner) ) (la pi\u00e8ce)&rdquo;\" data-quantity=\"1\" data-product_id=\"415\" data-product_sku=\"\" data-price=\"1.5\" rel=\"nofollow\" class=\"wp-block-button__link  add_to_cart_button ajax_add_to_cart\">Ajouter au panier<\/a><\/div>\n\t\t\t<\/li><li class=\"wc-block-grid__product\">\n\t\t\t\t<a href=\"https:\/\/crepesriz.fr\/index.php\/product\/samoussa-de-boeuf\/\" class=\"wc-block-grid__product-link\">\n\t\t\t\t\t\n\t\t\t\t\t<div class=\"wc-block-grid__product-image\"><img loading=\"lazy\" decoding=\"async\" width=\"300\" height=\"300\" src=\"https:\/\/crepesriz.fr\/wp-content\/uploads\/2025\/04\/samoussa-boeuf-removebg-300x300.png\" class=\"attachment-woocommerce_thumbnail size-woocommerce_thumbnail\" alt=\"Samoussa de boeuf (la pi\u00e8ce)\" srcset=\"https:\/\/crepesriz.fr\/wp-content\/uploads\/2025\/04\/samoussa-boeuf-removebg-300x300.png 300w, https:\/\/crepesriz.fr\/wp-content\/uploads\/2025\/04\/samoussa-boeuf-removebg-150x150.png 150w, https:\/\/crepesriz.fr\/wp-content\/uploads\/2025\/04\/samoussa-boeuf-removebg-95x95.png 95w, https:\/\/crepesriz.fr\/wp-content\/uploads\/2025\/04\/samoussa-boeuf-removebg-275x275.png 275w, https:\/\/crepesriz.fr\/wp-content\/uploads\/2025\/04\/samoussa-boeuf-removebg-50x50.png 50w, https:\/\/crepesriz.fr\/wp-content\/uploads\/2025\/04\/samoussa-boeuf-removebg-230x230.png 230w, https:\/\/crepesriz.fr\/wp-content\/uploads\/2025\/04\/samoussa-boeuf-removebg-100x100.png 100w\" sizes=\"auto, (max-width: 300px) 100vw, 300px\" \/><\/div>\n\t\t\t\t\t<div class=\"wc-block-grid__product-title\">Samoussa de boeuf (la pi\u00e8ce)<\/div>\n\t\t\t\t<\/a>\n\t\t\t\t<div class=\"wc-block-grid__product-price price\"><span class=\"woocommerce-Price-amount amount\">1,20&nbsp;<span class=\"woocommerce-Price-currencySymbol\">&euro;<\/span><\/span><\/div>\n\t\t\t\t\n\t\t\t\t<div class=\"wp-block-button wc-block-grid__product-add-to-cart\"><a href=\"?add-to-cart=359\" aria-label=\"Ajouter au panier\u00a0: &ldquo;Samoussa de boeuf (la pi\u00e8ce)&rdquo;\" data-quantity=\"1\" data-product_id=\"359\" data-product_sku=\"\" data-price=\"1.2\" rel=\"nofollow\" class=\"wp-block-button__link  add_to_cart_button ajax_add_to_cart\">Ajouter au panier<\/a><\/div>\n\t\t\t<\/li><li class=\"wc-block-grid__product\">\n\t\t\t\t<a href=\"https:\/\/crepesriz.fr\/index.php\/product\/gingembre-confit\/\" class=\"wc-block-grid__product-link\">\n\t\t\t\t\t\n\t\t\t\t\t<div class=\"wc-block-grid__product-image\"><img loading=\"lazy\" decoding=\"async\" width=\"300\" height=\"300\" src=\"https:\/\/crepesriz.fr\/wp-content\/uploads\/2025\/03\/gingembre-removebg-preview-300x300.png\" class=\"attachment-woocommerce_thumbnail size-woocommerce_thumbnail\" alt=\"Gingembre confit\" srcset=\"https:\/\/crepesriz.fr\/wp-content\/uploads\/2025\/03\/gingembre-removebg-preview-300x300.png 300w, https:\/\/crepesriz.fr\/wp-content\/uploads\/2025\/03\/gingembre-removebg-preview-150x150.png 150w, https:\/\/crepesriz.fr\/wp-content\/uploads\/2025\/03\/gingembre-removebg-preview-95x95.png 95w, https:\/\/crepesriz.fr\/wp-content\/uploads\/2025\/03\/gingembre-removebg-preview-275x275.png 275w, https:\/\/crepesriz.fr\/wp-content\/uploads\/2025\/03\/gingembre-removebg-preview-50x50.png 50w, https:\/\/crepesriz.fr\/wp-content\/uploads\/2025\/03\/gingembre-removebg-preview-230x230.png 230w, https:\/\/crepesriz.fr\/wp-content\/uploads\/2025\/03\/gingembre-removebg-preview-100x100.png 100w\" sizes=\"auto, (max-width: 300px) 100vw, 300px\" \/><\/div>\n\t\t\t\t\t<div class=\"wc-block-grid__product-title\">Gingembre confit<\/div>\n\t\t\t\t<\/a>\n\t\t\t\t<div class=\"wc-block-grid__product-price price\"><span class=\"woocommerce-Price-amount amount\">0,50&nbsp;<span class=\"woocommerce-Price-currencySymbol\">&euro;<\/span><\/span><\/div>\n\t\t\t\t\n\t\t\t\t<div class=\"wp-block-button wc-block-grid__product-add-to-cart\"><a href=\"?add-to-cart=388\" aria-label=\"Ajouter au panier\u00a0: &ldquo;Gingembre confit&rdquo;\" data-quantity=\"1\" data-product_id=\"388\" data-product_sku=\"\" data-price=\"0.5\" rel=\"nofollow\" class=\"wp-block-button__link  add_to_cart_button ajax_add_to_cart\">Ajouter au panier<\/a><\/div>\n\t\t\t<\/li><li class=\"wc-block-grid__product\">\n\t\t\t\t<a href=\"https:\/\/crepesriz.fr\/index.php\/product\/nougat-tendre\/\" class=\"wc-block-grid__product-link\">\n\t\t\t\t\t\n\t\t\t\t\t<div class=\"wc-block-grid__product-image\"><img loading=\"lazy\" decoding=\"async\" width=\"300\" height=\"300\" src=\"https:\/\/crepesriz.fr\/wp-content\/uploads\/2025\/03\/nougat-removebg-preview-300x300.png\" class=\"attachment-woocommerce_thumbnail size-woocommerce_thumbnail\" alt=\"Nougat tendre\" srcset=\"https:\/\/crepesriz.fr\/wp-content\/uploads\/2025\/03\/nougat-removebg-preview-300x300.png 300w, https:\/\/crepesriz.fr\/wp-content\/uploads\/2025\/03\/nougat-removebg-preview-150x150.png 150w, https:\/\/crepesriz.fr\/wp-content\/uploads\/2025\/03\/nougat-removebg-preview-95x95.png 95w, https:\/\/crepesriz.fr\/wp-content\/uploads\/2025\/03\/nougat-removebg-preview-275x275.png 275w, https:\/\/crepesriz.fr\/wp-content\/uploads\/2025\/03\/nougat-removebg-preview-50x50.png 50w, https:\/\/crepesriz.fr\/wp-content\/uploads\/2025\/03\/nougat-removebg-preview-230x230.png 230w, https:\/\/crepesriz.fr\/wp-content\/uploads\/2025\/03\/nougat-removebg-preview-100x100.png 100w\" sizes=\"auto, (max-width: 300px) 100vw, 300px\" \/><\/div>\n\t\t\t\t\t<div class=\"wc-block-grid__product-title\">Nougat tendre<\/div>\n\t\t\t\t<\/a>\n\t\t\t\t<div class=\"wc-block-grid__product-price price\"><span class=\"woocommerce-Price-amount amount\">0,50&nbsp;<span class=\"woocommerce-Price-currencySymbol\">&euro;<\/span><\/span><\/div>\n\t\t\t\t\n\t\t\t\t<div class=\"wp-block-button wc-block-grid__product-add-to-cart\"><a href=\"?add-to-cart=385\" aria-label=\"Ajouter au panier\u00a0: &ldquo;Nougat tendre&rdquo;\" data-quantity=\"1\" data-product_id=\"385\" data-product_sku=\"\" data-price=\"0.5\" rel=\"nofollow\" class=\"wp-block-button__link  add_to_cart_button ajax_add_to_cart\">Ajouter au panier<\/a><\/div>\n\t\t\t<\/li><\/ul><\/div><\/div><\/div><\/details>","protected":false},"excerpt":{"rendered":"","protected":false},"author":1,"featured_media":0,"parent":0,"menu_order":0,"comment_status":"closed","ping_status":"closed","template":"","meta":{"footnotes":""},"class_list":["post-7","page","type-page","status-publish","hentry"],"jetpack_sharing_enabled":true,"_links":{"self":[{"href":"https:\/\/crepesriz.fr\/index.php\/wp-json\/wp\/v2\/pages\/7","targetHints":{"allow":["GET"]}}],"collection":[{"href":"https:\/\/crepesriz.fr\/index.php\/wp-json\/wp\/v2\/pages"}],"about":[{"href":"https:\/\/crepesriz.fr\/index.php\/wp-json\/wp\/v2\/types\/page"}],"author":[{"embeddable":true,"href":"https:\/\/crepesriz.fr\/index.php\/wp-json\/wp\/v2\/users\/1"}],"replies":[{"embeddable":true,"href":"https:\/\/crepesriz.fr\/index.php\/wp-json\/wp\/v2\/comments?post=7"}],"version-history":[{"count":7,"href":"https:\/\/crepesriz.fr\/index.php\/wp-json\/wp\/v2\/pages\/7\/revisions"}],"predecessor-version":[{"id":216,"href":"https:\/\/crepesriz.fr\/index.php\/wp-json\/wp\/v2\/pages\/7\/revisions\/216"}],"wp:attachment":[{"href":"https:\/\/crepesriz.fr\/index.php\/wp-json\/wp\/v2\/media?parent=7"}],"curies":[{"name":"wp","href":"https:\/\/api.w.org\/{rel}","templated":true}]}}