{"id":420,"date":"2025-09-26T10:54:10","date_gmt":"2025-09-26T08:54:10","guid":{"rendered":"https:\/\/crepesriz.fr\/?page_id=420"},"modified":"2025-09-28T23:04:33","modified_gmt":"2025-09-28T21:04:33","slug":"mentions-legales","status":"publish","type":"page","link":"https:\/\/crepesriz.fr\/index.php\/mentions-legales\/","title":{"rendered":"Mentions l\u00e9gales"},"content":{"rendered":"<p>Editeur :   Cr\u00eapes Riz<\/p><p>Entreprise individuelle<\/p><p>SIRET : 88340075600028<\/p><p>2 RUE DE LA MERLERIE<br>44260 MALVILLE FRANCE<\/p><p>T\u00e9l\u00e9phone&nbsp;: 06.68.28.55.32<\/p><p><\/p><p>H\u00e9bergeur&nbsp;:     o2switch<\/p><p>Directeur de la Publication&nbsp;:   Olivier HUCHET.<\/p>","protected":false},"excerpt":{"rendered":"<p>Editeur : Cr\u00eapes Riz Entreprise individuelle SIRET : 88340075600028 2 RUE DE LA MERLERIE44260 MALVILLE FRANCE T\u00e9l\u00e9phone&nbsp;: 06.68.28.55.32 H\u00e9bergeur&nbsp;: o2switch Directeur de la Publication&nbsp;: Olivier HUCHET.<\/p>\n","protected":false},"author":1,"featured_media":0,"parent":0,"menu_order":0,"comment_status":"closed","ping_status":"closed","template":"","meta":{"footnotes":""},"class_list":["post-420","page","type-page","status-publish","hentry"],"jetpack_sharing_enabled":true,"_links":{"self":[{"href":"https:\/\/crepesriz.fr\/index.php\/wp-json\/wp\/v2\/pages\/420","targetHints":{"allow":["GET"]}}],"collection":[{"href":"https:\/\/crepesriz.fr\/index.php\/wp-json\/wp\/v2\/pages"}],"about":[{"href":"https:\/\/crepesriz.fr\/index.php\/wp-json\/wp\/v2\/types\/page"}],"author":[{"embeddable":true,"href":"https:\/\/crepesriz.fr\/index.php\/wp-json\/wp\/v2\/users\/1"}],"replies":[{"embeddable":true,"href":"https:\/\/crepesriz.fr\/index.php\/wp-json\/wp\/v2\/comments?post=420"}],"version-history":[{"count":4,"href":"https:\/\/crepesriz.fr\/index.php\/wp-json\/wp\/v2\/pages\/420\/revisions"}],"predecessor-version":[{"id":429,"href":"https:\/\/crepesriz.fr\/index.php\/wp-json\/wp\/v2\/pages\/420\/revisions\/429"}],"wp:attachment":[{"href":"https:\/\/crepesriz.fr\/index.php\/wp-json\/wp\/v2\/media?parent=420"}],"curies":[{"name":"wp","href":"https:\/\/api.w.org\/{rel}","templated":true}]}}