{"id":144,"date":"2025-01-10T23:53:39","date_gmt":"2025-01-10T22:53:39","guid":{"rendered":"https:\/\/crepesriz.fr\/?page_id=144"},"modified":"2025-01-21T19:12:18","modified_gmt":"2025-01-21T18:12:18","slug":"comment-ca-marche","status":"publish","type":"page","link":"https:\/\/crepesriz.fr\/index.php\/comment-ca-marche\/","title":{"rendered":"xxx Bienvenue sur le site de vente en ligne de Cr\u00eapes Riz"},"content":{"rendered":"<p class=\"has-text-align-center has-large-font-size\">Comment \u00e7a marche &#8230;. ?<\/p><p>1- Remplissez votre panier<\/p><p>2- Indiquez le jour et l&#8217;heure de retrait de votre commande \u00e0 Cr\u00eapes Riz (\u00e0 l&#8217;\u00e9tape 3 : &#8220;Mode de livraison&#8221;)<\/p><p>3- R\u00e9glez votre commande<\/p><p>Les commandes pour le jour m\u00eame sont prises jusqu&#8217;\u00e0 10h30<\/p><p>A partir de 13h30, les commandes sont de nouveau possibles pour le lendemain midi ou les midis suivants<\/p><p>Les boxs sont r\u00e9chauffables au micro-onde.<br>Si vous souhaitez les retirer chaudes , merci de le pr\u00e9ciser en fin de commande avant le r\u00e8glement.<\/p><p><\/p>","protected":false},"excerpt":{"rendered":"<p>Comment \u00e7a marche &#8230;. ? 1- Remplissez votre panier 2- Indiquez le jour et l&#8217;heure de retrait de votre commande \u00e0 Cr\u00eapes Riz (\u00e0 l&#8217;\u00e9tape 3 : &#8220;Mode de livraison&#8221;) 3- R\u00e9glez votre commande Les commandes pour le jour m\u00eame sont prises jusqu&#8217;\u00e0 10h30 A &hellip; <\/p>\n","protected":false},"author":1,"featured_media":0,"parent":0,"menu_order":0,"comment_status":"closed","ping_status":"closed","template":"","meta":{"footnotes":""},"class_list":["post-144","page","type-page","status-publish","hentry"],"jetpack_sharing_enabled":true,"_links":{"self":[{"href":"https:\/\/crepesriz.fr\/index.php\/wp-json\/wp\/v2\/pages\/144","targetHints":{"allow":["GET"]}}],"collection":[{"href":"https:\/\/crepesriz.fr\/index.php\/wp-json\/wp\/v2\/pages"}],"about":[{"href":"https:\/\/crepesriz.fr\/index.php\/wp-json\/wp\/v2\/types\/page"}],"author":[{"embeddable":true,"href":"https:\/\/crepesriz.fr\/index.php\/wp-json\/wp\/v2\/users\/1"}],"replies":[{"embeddable":true,"href":"https:\/\/crepesriz.fr\/index.php\/wp-json\/wp\/v2\/comments?post=144"}],"version-history":[{"count":8,"href":"https:\/\/crepesriz.fr\/index.php\/wp-json\/wp\/v2\/pages\/144\/revisions"}],"predecessor-version":[{"id":272,"href":"https:\/\/crepesriz.fr\/index.php\/wp-json\/wp\/v2\/pages\/144\/revisions\/272"}],"wp:attachment":[{"href":"https:\/\/crepesriz.fr\/index.php\/wp-json\/wp\/v2\/media?parent=144"}],"curies":[{"name":"wp","href":"https:\/\/api.w.org\/{rel}","templated":true}]}}